{"id":125,"date":"2025-03-23T12:58:25","date_gmt":"2025-03-23T17:58:25","guid":{"rendered":"http:\/\/localhost\/wordpress\/?page_id=125"},"modified":"2025-03-23T12:58:25","modified_gmt":"2025-03-23T17:58:25","slug":"inicio","status":"publish","type":"page","link":"https:\/\/heryaso.com\/index.php\/inicio\/","title":{"rendered":"Inicio"},"content":{"rendered":"<p><img loading=\"lazy\" decoding=\"async\" width=\"768\" height=\"1152\" src=\"http:\/\/localhost\/wordpress\/wp-content\/uploads\/2025\/03\/Justicia-768x1152.jpg\" alt=\"\" srcset=\"http:\/\/localhost\/wordpress\/wp-content\/uploads\/2025\/03\/Justicia-768x1152.jpg 768w, http:\/\/localhost\/wordpress\/wp-content\/uploads\/2025\/03\/Justicia-200x300.webp 200w, http:\/\/localhost\/wordpress\/wp-content\/uploads\/2025\/03\/Justicia-683x1024.jpg 683w, http:\/\/localhost\/wordpress\/wp-content\/uploads\/2025\/03\/Justicia.webp 800w\" sizes=\"auto, (max-width: 768px) 100vw, 768px\" \/>\t\t\t\t\t\t\t\t\t\t\t\t\t\t\t<\/p>\n<p>\u00a0<\/p>\n<p>En Heryaso, brindamos soluciones legales personalizadas y efectivas para proteger sus derechos e intereses.\u00a0<\/p>\n<p>Cont\u00e1ctenos hoy mismo y reciba la orientaci\u00f3n que necesita.<\/p>\n<h1>Cont\u00e1ctenos<\/h1>\n<p data-start=\"149\" data-end=\"393\">Estamos comprometidos a brindarle la mejor atenci\u00f3n y asesor\u00eda legal. Sabemos que cada caso es \u00fanico, por lo que nos tomamos el tiempo necesario para entender sus necesidades y ofrecer soluciones efectivas.<\/p>\n<p data-start=\"395\" data-end=\"552\">Si tiene alguna consulta o desea agendar una cita, no dude en ponerse en contacto con nosotros. Nuestro equipo de profesionales estar\u00e1 encantado de ayudarle.<\/p>\n<p>\t\t\t\t\t\t\t\t\t\t\t\t\t\t\t<img loading=\"lazy\" decoding=\"async\" width=\"1024\" height=\"684\" src=\"http:\/\/localhost\/wordpress\/wp-content\/uploads\/2025\/03\/Trato-1024x684.jpg\" alt=\"\" srcset=\"http:\/\/localhost\/wordpress\/wp-content\/uploads\/2025\/03\/Trato-1024x684.jpg 1024w, http:\/\/localhost\/wordpress\/wp-content\/uploads\/2025\/03\/Trato-300x200.jpg 300w, http:\/\/localhost\/wordpress\/wp-content\/uploads\/2025\/03\/Trato-768x513.jpg 768w, http:\/\/localhost\/wordpress\/wp-content\/uploads\/2025\/03\/Trato-930x620.jpg 930w, http:\/\/localhost\/wordpress\/wp-content\/uploads\/2025\/03\/Trato.jpg 1200w\" sizes=\"auto, (max-width: 1024px) 100vw, 1024px\" \/><br \/>\n\t\t\t<iframe loading=\"lazy\"\n\t\t\t\t\tsrc=\"https:\/\/maps.google.com\/maps?q=Proconsa%201%2C%20C.%20Manuel%20Mar%C3%ADa%20Icaza%2C%20Panam%C3%A1%2C%20Provincia%20de%20Panam%C3%A1%2C%20Panam%C3%A1&#038;t=m&#038;z=10&#038;output=embed&#038;iwloc=near\"\n\t\t\t\t\ttitle=\"Proconsa 1, C. Manuel Mar\u00eda Icaza, Panam\u00e1, Provincia de Panam\u00e1, Panam\u00e1\"\n\t\t\t\t\taria-label=\"Proconsa 1, C. Manuel Mar\u00eda Icaza, Panam\u00e1, Provincia de Panam\u00e1, Panam\u00e1\"\n\t\t\t><\/iframe><\/p>\n<ul>\n<li>\n\t\t\t\t\t\t\t\t\t\t<br \/><b>Direcci\u00f3n:<\/b> Panam\u00e1, Bella Vista, Calle Manuel Mar\u00eda Icaza, Edificio Proconsa 1.\n\t\t\t\t\t\t\t\t\t<\/li>\n<li>\n\t\t\t\t\t\t\t\t\t\t<b>Horarios:<\/b> Lunes-Viernes 8:00AM &#8211; 5:00PM\n\t\t\t\t\t\t\t\t\t<\/li>\n<li>\n\t\t\t\t\t\t\t\t\t\t<b>Tel\u00e9fonos:<\/b> (507)391-8262 \/ (507)6604-5880 \/ (507)6669-1695\n\t\t\t\t\t\t\t\t\t<\/li>\n<li>\n\t\t\t\t\t\t\t\t\t\t<b>Email:<\/b> contacto@heryaso.com\n\t\t\t\t\t\t\t\t\t<\/li>\n<\/ul>\n<p>\t\t\t\t\t\t\t\t\t\t\t\t\t\t\t<img loading=\"lazy\" decoding=\"async\" width=\"715\" height=\"487\" src=\"http:\/\/localhost\/wordpress\/wp-content\/uploads\/2025\/03\/h.webp\" alt=\"\" srcset=\"http:\/\/localhost\/wordpress\/wp-content\/uploads\/2025\/03\/h.webp 715w, http:\/\/localhost\/wordpress\/wp-content\/uploads\/2025\/03\/h-300x204.jpg 300w\" sizes=\"auto, (max-width: 715px) 100vw, 715px\" \/>\t\t\t\t\t\t\t\t\t\t\t\t\t\t\t<\/p>\n<ul>\n<li>\n\t\t\t\t\t\t\t\t\t\t(507) 391-8262\n\t\t\t\t\t\t\t\t\t<\/li>\n<li>\n\t\t\t\t\t\t\t\t\t\tPanam\u00e1, Bella Vista, Calle Manuel Mar\u00eda Icaza, Edificio Proconsa 1.\n\t\t\t\t\t\t\t\t\t<\/li>\n<li>\n\t\t\t\t\t\t\t\t\t<\/li>\n<\/ul>\n<p>\u00a9 Todos los derechos reservados.<\/p>\n","protected":false},"excerpt":{"rendered":"<p>\u00a0 En Heryaso, brindamos soluciones legales personalizadas y efectivas para proteger sus derechos e intereses.\u00a0 Cont\u00e1ctenos hoy mismo y reciba la orientaci\u00f3n que necesita. Cont\u00e1ctenos Estamos comprometidos a brindarle la mejor atenci\u00f3n y asesor\u00eda legal. Sabemos que cada caso es \u00fanico, por lo que nos tomamos el tiempo necesario para entender sus necesidades y ofrecer [&hellip;]<\/p>\n","protected":false},"author":1,"featured_media":0,"parent":0,"menu_order":0,"comment_status":"closed","ping_status":"closed","template":"page-templates\/template-pagebuilder-full-width.php","meta":{"footnotes":""},"class_list":["post-125","page","type-page","status-publish","hentry"],"_links":{"self":[{"href":"https:\/\/heryaso.com\/index.php\/wp-json\/wp\/v2\/pages\/125","targetHints":{"allow":["GET"]}}],"collection":[{"href":"https:\/\/heryaso.com\/index.php\/wp-json\/wp\/v2\/pages"}],"about":[{"href":"https:\/\/heryaso.com\/index.php\/wp-json\/wp\/v2\/types\/page"}],"author":[{"embeddable":true,"href":"https:\/\/heryaso.com\/index.php\/wp-json\/wp\/v2\/users\/1"}],"replies":[{"embeddable":true,"href":"https:\/\/heryaso.com\/index.php\/wp-json\/wp\/v2\/comments?post=125"}],"version-history":[{"count":0,"href":"https:\/\/heryaso.com\/index.php\/wp-json\/wp\/v2\/pages\/125\/revisions"}],"wp:attachment":[{"href":"https:\/\/heryaso.com\/index.php\/wp-json\/wp\/v2\/media?parent=125"}],"curies":[{"name":"wp","href":"https:\/\/api.w.org\/{rel}","templated":true}]}}